{"id":3,"date":"2023-07-05T17:29:13","date_gmt":"2023-07-05T17:29:13","guid":{"rendered":"https:\/\/treasure-chest.eu\/?page_id=3"},"modified":"2023-07-31T08:23:26","modified_gmt":"2023-07-31T08:23:26","slug":"privacy-policy","status":"publish","type":"page","link":"https:\/\/treasure-chest.eu\/en\/privacy-policy\/","title":{"rendered":"General Terms and Conditions of Sale"},"content":{"rendered":"<h1 class=\"wp-block-heading\" style=\"text-transform:uppercase\">GENERAL TERMS AND CONDITIONS<\/h1>\n\n\n\n<h2 class=\"wp-block-heading\"><\/h2>\n\n\n\n<h4 class=\"wp-block-heading\">SPLO\u0160NO<\/h4>\n\n\n\n<p>Spletna stran Treasure Chest je dostopna na naslovu <a href=\"https:\/\/www.mugsandhugs.si\/\">www.treasure-chest.eu<\/a> (v nadaljevanju Treasure chest). Lastnik spletne strani je podjetje \u017dan Novak s.p. (v nadaljevanju podjetje).<\/p>\n\n\n\n<p>Obiskovalec spletnega mesta (v nadaljevanju: uporabnik) se strinja s spodaj navedenimi pogoji uporabe. Pri oddaji naro\u010dila v spletni trgovini, podjetje izrecno opozori kupca izdelkov ali storitev (v nadaljevanju: kupec) na celotno besedilo Splo\u0161nih pogojev (v nadaljevanju: splo\u0161ni pogoji). \u0160teje se, da je kupec z oddajo naro\u010dila seznanjen s splo\u0161nimi pogoji in da se z njimi v celoti strinja in jih v sprejema.<\/p>\n\n\n\n<p>Pridr\u017eujemo si pravico do sprememb vsebin na spletni strani, vklju\u010dno s spodaj navedenimi pogoji, brez predhodnega obvestila. Spremembe o pogojih poslovanja bodo v vsakem trenutku dostopne na spletni strani, uporabniki in kupci o tem ne bodo posebej obve\u0161\u010deni.<\/p>\n\n\n\n<p>Naro\u010dnike bomo o vseh spremembah splo\u0161nih pogojev obve\u0161\u010dali samo preko na\u0161e spletne strani&nbsp;<a href=\"https:\/\/www.mugsandhugs.si\/\">www.treasure-chest.eu<\/a> &nbsp;in ne preko ostalih metod obve\u0161\u010danja.<\/p>\n\n\n\n<p>Splo\u0161ni pogoji poslovanja v spletni trgovini Treasure chest, so sestavljeni v skladu z Zakonom o varstvu potro\u0161nikov (ZVPot-1), na podlagi priporo\u010dil GZS in mednarodnih kodeksov za e-poslovanje.<\/p>\n\n\n\n<p>V primeru, da nadaljujete z uporabo spletne strani, se smatra, da v celoti razumete in se strinjate s spremembami.<\/p>\n\n\n\n<p>Nazadnje posodobljeno: 12. 7. 2023.<\/p>\n\n\n\n<h3 class=\"wp-block-heading\"><strong>Podatki podjetja<\/strong><\/h3>\n\n\n\n<p>\u017dan Novak s.p., Velesovo 37a, 4207 Cerklje<\/p>\n\n\n\n<p>Dav\u010dna \u0161tevilka: SI58108718<\/p>\n\n\n\n<p>Mati\u010dna \u0161tevilka: 6660029000<\/p>\n\n\n\n<p>TRR: SI56 6100 0001 5925 613 pri DELAVSKA HRANILNICA D.D. LJUBLJANA<\/p>\n\n\n\n<p>Email:&nbsp;info@treasure-chest.eu<\/p>\n\n\n\n<p>\u017dan Novak s.p. JE zavezanec za DDV.<\/p>\n\n\n\n<h4 class=\"wp-block-heading\">DOSTOPNOST INFORMACIJ<\/h4>\n\n\n\n<p><strong>Trgovec se zavezuje, da bodo uporabniku vselej na voljo:<\/strong><\/p>\n\n\n\n<ul>\n<li>podatki o identiteti trgovca,<\/li>\n\n\n\n<li>kontaktni podatki, ki uporabniku omogo\u010dajo hitro in u\u010dinkovito komunikacijo s trgovcem (naslov elektronske po\u0161te, telefon ipd.),<\/li>\n\n\n\n<li>informacije o bistvenih zna\u010dilnostih izdelkov oz. storitev iz ponudbe spletne trgovine, vklju\u010dno s poprodajnimi storitvami in garancijami,<\/li>\n\n\n\n<li>informacije o dostopnosti izdelkov oz. storitev iz ponudbe spletne trgovine,<\/li>\n\n\n\n<li>na\u010din in pogoji dostave izdelkov oz. izvr\u0161itve storitev, predvsem kraj in rok dostave,<\/li>\n\n\n\n<li>informacije o na\u010dinu pla\u010dila,<\/li>\n\n\n\n<li>podatki o \u010dasovni veljavnosti ponudbe iz spletne trgovine,<\/li>\n\n\n\n<li>informacije o roku, v katerem je \u0161e mo\u017eno odstopiti od pogodbe in pogojih za odstop,<\/li>\n\n\n\n<li>informacije o mo\u017enosti vra\u010dila izdelkov in o tem, \u010de in koliko tak\u0161no vra\u010dilo stane uporabnika,<\/li>\n\n\n\n<li>informacije o postopku s prito\u017ebo uporabnika ter podatki o kontaktni osebi<\/li>\n<\/ul>\n\n\n\n<h4 class=\"wp-block-heading\">PRAVICE INTELEKTUALNE LASTNINE<\/h4>\n\n\n\n<p><strong>Pravno obvestilo<\/strong><\/p>\n\n\n\n<p>Spletna trgovina Treasure chest in vsi podatki na njej, slike artiklov, grafi\u010dni in video elementi na spletni strani so za\u0161\u010diteni z Zakonom o avtorski in sorodnih pravicah in jih ni dovoljeno reproducirati ali uporabljati brez predhodnega pisnega dovoljenja. Blagovna znamka Treasure chest in logotip sta v lasti \u017dan Novak s.p..<\/p>\n\n\n\n<h4 class=\"wp-block-heading\">IZDELKI<\/h4>\n\n\n\n<p>Motivi na izdelkih iz spletne trgovine treasure chest so ro\u010dno narejeni in oblikovani. Noben izdelek ni popolnoma enak drugemu. Mo\u017ena so odstopanja med barvami dejanskih izdelkov in izdelkov na fotografiji. Zraven vsakega izdelka so omenjene morebitne omejitve in navodila za vzdr\u017eevanje.<\/p>\n\n\n\n<h4 class=\"wp-block-heading\">CENE IZDELKOV<\/h4>\n\n\n\n<p>Cene izdelkov so izra\u017eene v evrih in vsebujejo DDV. <\/p>\n\n\n\n<p>Vse cene in morebitni popusti veljajo v trenutku oddaje naro\u010dila. Treasure chest si pridr\u017euje pravico do spremembe cen, brez predhodnega obvestila.<\/p>\n\n\n\n<p>V ceno izdelka niso v\u0161teti stro\u0161ki po\u0161iljanja. Stro\u0161ki po\u0161iljanja se obra\u010dunajo na blagajni ob zaklju\u010dku naro\u010dila.<\/p>\n\n\n\n<h4 class=\"wp-block-heading\">Kode za popust<\/h4>\n\n\n\n<p>Treasure chest svojim kupcem ali sledilcem na dru\u017ebenih omre\u017ejih ob\u010dasno ponudijo kode, s katerimi lahko koristijo popust v dolo\u010deni vrednosti.<\/p>\n\n\n\n<p>Kodo za popust je potrebno dodati pred zaklju\u010dkom nakupa s klikom na \u201cKliknite tukaj za vnos kode\u201d. \u010ce je koda uspe\u0161no dodana, se popust od\u0161teje takoj.<\/p>\n\n\n\n<p>Kode za popust so \u010dasovno omejene in lahko veljajo samo za dolo\u010den izdelek ali skupino izdelkov. \u010ce ni izrecno navedeno druga\u010de, kode ne veljajo na izdelke v akciji. Popust ni izpla\u010dljiv v gotovini.<\/p>\n\n\n\n<h4 class=\"wp-block-heading\">POSTOPEK NARO\u010cILA<\/h4>\n\n\n\n<p>Oddaja naro\u010dila je povezana z obveznostjo pla\u010dila in se smatra kot sklep prodajne pogodbe.<br>Kupec z oddanim naro\u010dilom podaja izrecno soglasje za za\u010detek izvajanja pogodbe v \u010dasu odstopnega roka.<\/p>\n\n\n\n<h5 class=\"wp-block-heading\">Naro\u010dilo se odda v treh korakih:<\/h5>\n\n\n\n<ol>\n<li>Kupec izdelek doda v ko\u0161arico, kjer se prika\u017ee koli\u010dina ter cena. V ko\u0161arici lahko kupec spreminja koli\u010dino naro\u010denih izdelkov ali jih odstrani iz ko\u0161arice.<\/li>\n\n\n\n<li>Kupec nadaljuje na blagajno, kjer vpi\u0161e svoje podatke, izbere na\u010din pla\u010dila, preveri, ali so naro\u010deni izdelki pravilni in v pravi koli\u010dini, potrdi, da se strinja s pogoji poslovanja, in zaklju\u010di naro\u010dilo.<\/li>\n\n\n\n<li>S klikom na \u201cKupi sedaj\u201d ali \u201cNadaljuj na PayPal\u201d se naro\u010dnik zave\u017ee k pla\u010dilu naro\u010denih izdelkov. V primeru pla\u010dila preko PayPala je kupec preusmerjen na PayPal, kjer pla\u010da naro\u010dilo, nato pa ga sistem avtomatsko preusmeri nazaj v trgovino, kjer je kupcu na voljo povzetek naro\u010dila. V primeru pla\u010dila preko TRR se kupcu prika\u017eejo podrobnosti naro\u010dila ter podatki za nakazilo.<\/li>\n<\/ol>\n\n\n\n<p>Kupec mora pred oddajo naro\u010dila pregledati vpisane podatke in zagotoviti, da so pravilni.<\/p>\n\n\n\n<h5 class=\"wp-block-heading\">Sprejeto naro\u010dilo<\/h5>\n\n\n\n<p>\u010ce je kupec za pla\u010dilo izbral nakazilo na TRR, bo na vpisan elektronski naslov prejel sporo\u010dilo o sprejetju naro\u010dila s podatki za nakazilo, povzetkom naro\u010dila ter potrdilom o sklenjeni pogodbi.<br>\u010ce kupec potrditve naro\u010dila ne prejme v roku 15 minut, mora o tem \u010dim prej obvestiti na&nbsp;info@treasure-chest.eu.<br>Kupec, ki naro\u010dilo pla\u010da preko PayPala, prejme elektronsko sporo\u010dilo o sprejetem naro\u010dilu in potrdilom o sklenjeni pogodbi.<\/p>\n\n\n\n<h5 class=\"wp-block-heading\">Zaklju\u010deno naro\u010dilo<\/h5>\n\n\n\n<p>Naro\u010dilo se zaklju\u010di, ko treasure chest po prejetem pla\u010dilu, spakira ali izdela izdelke po naro\u010dilu, v roku dolo\u010denem v splo\u0161nih prodajnih pogojih. Kupec je o zaklju\u010dku naro\u010dila obve\u0161\u010den na elektronski naslov, ki ga je navedel ob naro\u010dilu.<\/p>\n\n\n\n<h4 class=\"wp-block-heading\">NA\u010cIN PLA\u010cILA<\/h4>\n\n\n\n<p>Kupec lahko naro\u010dilo pla\u010da na naslednje na\u010dine:<\/p>\n\n\n\n<h4 class=\"wp-block-heading\">Pla\u010dilo preko&nbsp;<strong>UPN naloga<\/strong>&nbsp;(ban\u010dno nakazilo).<\/h4>\n\n\n\n<p>\u200bOb zaklju\u010dku naro\u010dila se bodo kupcu izpisali podatki za nakazilo. Kupec mora poravnati celoten znesek na transakcijski ra\u010dun prodajalca. Po prejemu pla\u010dila za\u010dne veljati rok za dostavo izdelkov, ki je 2-5 delovnih dni.<\/p>\n\n\n\n<p>V primeru izdelkov po naro\u010dilu je rok dostave 4-10 delovnih dni. V kolikor izdelke potrebujete prej, nas prosim kontaktirajte, in v kolikor je v na\u0161i mo\u010di, se bomo dogovorili za hitrej\u0161o izdelavo.<\/p>\n\n\n\n<figure class=\"wp-block-gallery has-nested-images columns-default is-cropped wp-block-gallery-1 is-layout-flex\"><\/figure>\n\n\n\n<h4 class=\"wp-block-heading\">PAYPAL (kreditna kartica)<\/h4>\n\n\n\n<p>\u010ce izberete pla\u010dilo preko sistema&nbsp;<strong>Paypal<\/strong>, vas bo sistem avtomati\u010dno preusmeril na PayPal-ovo stran kjer se registrirate in pla\u010date naro\u010dene izdelke. \u010ce ra\u010duna za PayPal nimate, pa lahko enostavno pla\u010date z va\u0161o<strong>&nbsp;kreditno ali debetno kartico.<\/strong><\/p>\n\n\n\n<p>Pla\u010dilo je vidno takoj in po oddaji naro\u010dila, za\u010dne veljati rok za dostavo izdelkov, ki je 2-5 delovnih dni. <\/p>\n\n\n\n<p><\/p>\n\n\n\n<p>V primeru izdelkov po naro\u010dilu je rok dostave 4-10 delovnih dni. V kolikor izdelke potrebujete prej, nas prosim kontaktirajte, in v kolikor je v na\u0161i mo\u010di, se bomo dogovorili za hitrej\u0161o izdelavo.<\/p>\n\n\n\n<p><\/p>\n\n\n\n<p><\/p>\n\n\n\n<h4 class=\"wp-block-heading\">IZDAJA RA\u010cUNA<\/h4>\n\n\n\n<p>Podjetje \u017dan Novak s.p. kupcu ob zaklju\u010dku naro\u010dila izda ra\u010dun, ki ga po\u0161lje na e-naslov kupca, ki ga je navedel ob oddaji naro\u010dila.<br>Kupec je dol\u017ean preveriti pravilnost podatkov pred oddajo naro\u010dila. O morebitnih napakah na ra\u010dunu, je potrebno obvestiti prodajalca v osmih dneh od prejema.<\/p>\n\n\n\n<figure class=\"wp-block-image size-full\"><img decoding=\"async\" loading=\"lazy\" width=\"150\" height=\"150\" src=\"https:\/\/treasure-chest.eu\/wp-content\/uploads\/2023\/07\/8012-500x500-1-150x150-1.jpeg\" alt=\"\" class=\"wp-image-215\" title=\"8012-500x500-1\" srcset=\"https:\/\/treasure-chest.eu\/wp-content\/uploads\/2023\/07\/8012-500x500-1-150x150-1.jpeg 150w, https:\/\/treasure-chest.eu\/wp-content\/uploads\/2023\/07\/8012-500x500-1-150x150-1-12x12.jpeg 12w, https:\/\/treasure-chest.eu\/wp-content\/uploads\/2023\/07\/8012-500x500-1-150x150-1-100x100.jpeg 100w\" sizes=\"(max-width: 150px) 100vw, 150px\" \/><\/figure>\n\n\n\n<h4 class=\"wp-block-heading\">DOSTAVA<\/h4>\n\n\n\n<h3 class=\"wp-block-heading\">Dostava z GLS dostavno slu\u017ebo <\/h3>\n\n\n\n<p>Izdelki bodo po prejemu pla\u010dila, na va\u0161 naslov odposlani v roku 2-5 delovnih dni (v primeru izdelkov po naro\u010dilu je rok dostave 4-10 delovnih dni). Vsi na\u0161i paketki so na\u010deloma dostavljeni v 1-2 delovnih dneh z GLS-om. V \u010dasu, ko so dostavne slu\u017ebe bolj obremenjene, se lahko dostavni rok podalj\u0161a.<\/p>\n\n\n\n<p>O tem, s katero dostavno slu\u017ebo bo va\u0161 paket dostavljen, vas bomo predhodno obvestili.<\/p>\n\n\n\n<h3 class=\"wp-block-heading\">Cena dostave<\/h3>\n\n\n\n<p>Cena dostave je 5\u20ac. <\/p>\n\n\n\n<h4 class=\"wp-block-heading\">PRAVICA DO ZAVRNITVE STORITVE<\/h4>\n\n\n\n<p>Prodajalec ima pravico preklicati naro\u010dilo v kolikor ne pridobi potrditve nakupa s strani kupca po telefonu ali elektronski po\u0161ti. Prodajalec je o odstopu od pogodbe dol\u017ean obvestiti kupca prek elektronske po\u0161te ali telefona. V kolikor kupec ni podal pravilnih osebnih podatkov, prodajalec ni zavezan k obve\u0161\u010danju.<\/p>\n\n\n\n<p>Prodajalec ne odgovarja za izgubo, \u0161kodo ali stro\u0161ke, ki bi nastali zaradi neizpolnitve ali zamude pri izpolnitvi obveznosti, do katere bi morebiti pri\u0161lo zaradi dogodka ali okoli\u0161\u010din izven nadzora prodajalca.<\/p>\n\n\n\n<h4 class=\"wp-block-heading\">PREKLIC NARO\u010cILA<\/h4>\n\n\n\n<p>Kupec lahko brez dodatnih stro\u0161kov prekli\u010de naro\u010dilo do prejema elektronskega sporo\u010dila o tem, da je bilo naro\u010dilo odposlano. Preklic je mo\u017een na elektronski naslov&nbsp;info@treasure-chest.eu. V elektronskem sporo\u010dilu morate obvezno navesti ime in priimek kupca, naslov in \u0161tevilko naro\u010dila. V naslov vpi\u0161ite PREKLIC NARO\u010cILA.<\/p>\n\n\n\n<h4 class=\"wp-block-heading\">PRAVICA DO ODSTOPA OD POGODBE<\/h4>\n\n\n\n<p>Pri pogodbah, sklenjenih na daljavo ali zunaj poslovnih prostorov, ima potro\u0161nik pravico, da v 14 dneh obvesti podjetje, da odstopa od pogodbe, ne da bi mu bilo treba navesti razlog za svojo odlo\u010ditev. Odstopni rok pote\u010de v 14 dneh od dne, ko potro\u0161nik pridobi fizi\u010dno posest na blagu ali jo pridobi namesto potro\u0161nika tretja oseba, ki ni prevoznik in jo v ta namen dolo\u010di potro\u0161nik.<\/p>\n\n\n\n<p>Razen \u010de sta se pogodbeni stranki dogovorili druga\u010de, potro\u0161nik nima pravice do odstopa od pogodbe iz prej\u0161njega \u010dlena pri teh pogodbah: o blagu, ki je izdelano po natan\u010dnih navodilih potro\u0161nika in prilagojeno njegovim osebnim potrebam, torej je personalizirano. V vsakem primeru nam je zadovoljstvo strank najpomembnej\u0161e, zato nas v primeru kakr\u0161negakoli nezadovoljstva, prosim kontaktirajte.<\/p>\n\n\n\n<p>Za uveljavitev pravice do odstopa mora potro\u0161nik z nedvoumno izjavo obvestiti \u017dan Novak s.p., Velesovo 37a, 4207 Cerklje, info@treasure-chest.eu o svoji odlo\u010ditvi o odstopu od te pogodbe (npr. s pismom, poslanim po po\u0161ti ali po elektronski po\u0161ti).<\/p>\n\n\n\n<p><\/p>\n\n\n\n<p>Da bi se rok za odstop od pogodbe upo\u0161teval, zado\u0161\u010da, da je obvestilo v zvezi z uveljavljanjem pravice potro\u0161nika do odstopa od pogodbe poslano pred iztekom odstopnega roka od te pogodbe.<\/p>\n\n\n\n<p>Potro\u0161nik v zvezi z odstopom od pogodbe krije samo stro\u0161ke vra\u010dila blaga.<\/p>\n\n\n\n<h5 class=\"wp-block-heading\"><strong>VRA\u010cILO PLA\u010cIL<\/strong><\/h5>\n\n\n\n<p>V primeru odstopa od pogodbe podjetje nemudoma oziroma najpozneje v 14 dneh po prejemu obvestila o odstopu od pogodbe vrne vsa prejeta pla\u010dila.<\/p>\n\n\n\n<p>Podjetje vrne prejeta pla\u010dila potro\u0161niku z enakim pla\u010dilnim sredstvom, kot ga je uporabil potro\u0161nik, razen \u010de se je potro\u0161nik izrecno strinjal z uporabo drugega pla\u010dilnega sredstva in \u010de potro\u0161nik zaradi tega ne nosi nobenih stro\u0161kov.<\/p>\n\n\n\n<p>Potro\u0161nik ni upravi\u010den do povra\u010dila dodatnih stro\u0161kov, ki so nastali, \u010de se je izrecno odlo\u010dil za drugo vrsto po\u0161iljke, kakor je cenovno najugodnej\u0161a standardna po\u0161iljka, ki jo ponuja podjetje.<\/p>\n\n\n\n<p>Pri prodajni pogodbi lahko podjetje zadr\u017ei vra\u010dilo prejetih pla\u010dil do prevzema vrnjenega blaga ali dokler potro\u0161nik ne predlo\u017ei dokazila, da je blago poslal nazaj, razen \u010de podjetje ponudi mo\u017enost, da samo prevzame vrnjeno blago.<\/p>\n\n\n\n<h5 class=\"wp-block-heading\"><strong>NEUSTREZNO ALI PO\u0160KODOVANO BLAGO<\/strong><\/h5>\n\n\n\n<p>\u010ce ste prejeli neustrezno ali po\u0161kodovano blago lahko le tega vrnete v zakonskem roku 30 dni po prejemu blaga, blago pa mora biti pri tem nerabljeno, zapakirano v originalni embala\u017ei in nepo\u0161kodovano oz. v takem stanju, v kakr\u0161nem je bilo tedaj, ko vam je bilo izro\u010deno. Blago se vrne na naslov \u017dan Novak s.p., Velesovo 37a, 4207 Cerklje. Pri vra\u010dilu je potrebno navesti \u0161tevilko naro\u010dila ali ra\u010duna. Stro\u0161ke vra\u010dila krije prodajalec. Ponovno po\u0161iljanje zamenjanih izdelkov se ne zara\u010duna.<\/p>\n\n\n\n<p>\u200b\u010ce pri dostavljenih izdelkih opazite napako, je potrebno prodajalca o tem obvestiti ob prejema izdelka.<\/p>\n\n\n\n<h4 class=\"wp-block-heading\">VAROVANJE OSEBNIH PODATKOV IN OBDELAVA PODATKOV<\/h4>\n\n\n\n<p>Upravitelj spletne trgovine Treasure Chest, \u017dan Novak s.p., je v skladu z Zakonom o varstvu osebnih podatkov (ZVOP-1-UPB1) zavezan k varovanju osebnih podatkov svojih uporabnikov.<\/p>\n\n\n\n<p><\/p>\n\n\n\n<p>Nazadnje spremenjeno: 12.07.2023<\/p>","protected":false},"excerpt":{"rendered":"<p>SPLO\u0160NI PRODAJNI POGOJI SPLO\u0160NO Spletna stran Treasure Chest je dostopna na naslovu www.treasure-chest.eu (v nadaljevanju Treasure chest). Lastnik spletne strani je podjetje \u017dan Novak s.p. (v nadaljevanju podjetje). Obiskovalec spletnega mesta (v nadaljevanju: uporabnik) se strinja s spodaj navedenimi pogoji uporabe. Pri oddaji naro\u010dila v spletni trgovini, podjetje izrecno opozori kupca izdelkov ali storitev (v [&#8230;]","protected":false},"author":1,"featured_media":0,"parent":0,"menu_order":0,"comment_status":"closed","ping_status":"closed","template":"","meta":[],"_links":{"self":[{"href":"https:\/\/treasure-chest.eu\/en\/wp-json\/wp\/v2\/pages\/3"}],"collection":[{"href":"https:\/\/treasure-chest.eu\/en\/wp-json\/wp\/v2\/pages"}],"about":[{"href":"https:\/\/treasure-chest.eu\/en\/wp-json\/wp\/v2\/types\/page"}],"author":[{"embeddable":true,"href":"https:\/\/treasure-chest.eu\/en\/wp-json\/wp\/v2\/users\/1"}],"replies":[{"embeddable":true,"href":"https:\/\/treasure-chest.eu\/en\/wp-json\/wp\/v2\/comments?post=3"}],"version-history":[{"count":9,"href":"https:\/\/treasure-chest.eu\/en\/wp-json\/wp\/v2\/pages\/3\/revisions"}],"predecessor-version":[{"id":252,"href":"https:\/\/treasure-chest.eu\/en\/wp-json\/wp\/v2\/pages\/3\/revisions\/252"}],"wp:attachment":[{"href":"https:\/\/treasure-chest.eu\/en\/wp-json\/wp\/v2\/media?parent=3"}],"curies":[{"name":"wp","href":"https:\/\/api.w.org\/{rel}","templated":true}]}}